{"id":9,"date":"2024-06-23T14:31:04","date_gmt":"2024-06-23T14:31:04","guid":{"rendered":"https:\/\/spu.ro\/?page_id=9"},"modified":"2025-02-27T12:55:40","modified_gmt":"2025-02-27T12:55:40","slug":"about","status":"publish","type":"page","link":"https:\/\/spu.ro\/index.php\/about\/","title":{"rendered":"Despre noi"},"content":{"rendered":"\n<p>SC Salubritate Public\u0103 Urban\u0103 Curtea de Arge\u0219 SRL s-a \u00eenfiin\u021bat \u00een &nbsp;urma Hotararii Consiliului Local Curtea de Arges&nbsp; nr. 78\/17 august 2010, prin care s-a decis reorganizarea Serviciului Public de Gospodarie Comunal\u0103 Curtea de Arges prin excluderea din obiectul de activitate al serviciului a activit\u0103\u021bii de salubrizare a localit\u0103\u021bilor.<\/p>\n\n\n\n<p>Societatea se ocup\u0103 de salubrizarea stradal\u0103 la nivelul municipiului, prin activit\u0103\u021bi precum m\u0103turatul manual sau mecanizat.<\/p>\n\n\n\n<p>SC Salubritate Public\u0103 Urban\u0103 Curtea de Arge\u0219 SRL asigur\u0103 func\u021bionarea iluminatului stradal \u0219i pietonal, a iluminatului architectural \u0219i a iluminatului ornamental-festiv pe raza administrative teritorial\u0103 a municipiului Curtea de Arge\u0219.<\/p>\n\n\n\n<p>SC Salubritate Publica Urbana Curtea de Arges are ca actionar unic Consiliul Local al Muncicipiului Curtea de Arges si se organizeaza si functioneaza in conformitate cu dispozitiile legale in vigoare si cu prevederile actului constitutiv.<\/p>\n\n\n\n<p>Acestea sunt realizate \u00een func\u021bie de mai multe criterii principale, esen\u021biale \u00een politica societ\u0103\u021bii noastre:<\/p>\n\n\n\n<p>Personalul specializat \u0219i adaptat diferitelor tipuri de servicii.<\/p>\n\n\n\n<p>Continuitatea;<\/p>\n\n\n\n<p>Corectarea \u0219i adaptarea;<\/p>\n\n\n\n<p>Controlul calit\u0103\u021bii;<\/p>\n\n\n\n<p>Respectarea procedurilor \u0219i a regulamentului de func\u021bionare;<\/p>\n\n\n\n<p>Standardele utilajelor;<\/p>\n\n\n\n<p>Calitatea \u00adserviciilor;<\/p>\n","protected":false},"excerpt":{"rendered":"<p>SC Salubritate Public\u0103 Urban\u0103 Curtea de Arge\u0219 SRL s-a \u00eenfiin\u021bat \u00een &nbsp;urma Hotararii Consiliului Local Curtea de Arges&nbsp; nr. 78\/17 august 2010, prin care s-a decis reorganizarea Serviciului Public de Gospodarie Comunal\u0103 Curtea de Arges prin excluderea din obiectul de activitate al serviciului a activit\u0103\u021bii de salubrizare a localit\u0103\u021bilor. Societatea se ocup\u0103 de salubrizarea stradal\u0103 [&hellip;]<\/p>\n","protected":false},"author":1,"featured_media":0,"parent":0,"menu_order":0,"comment_status":"closed","ping_status":"closed","template":"","meta":{"footnotes":""},"class_list":["post-9","page","type-page","status-publish","hentry"],"_links":{"self":[{"href":"https:\/\/spu.ro\/index.php\/wp-json\/wp\/v2\/pages\/9","targetHints":{"allow":["GET"]}}],"collection":[{"href":"https:\/\/spu.ro\/index.php\/wp-json\/wp\/v2\/pages"}],"about":[{"href":"https:\/\/spu.ro\/index.php\/wp-json\/wp\/v2\/types\/page"}],"author":[{"embeddable":true,"href":"https:\/\/spu.ro\/index.php\/wp-json\/wp\/v2\/users\/1"}],"replies":[{"embeddable":true,"href":"https:\/\/spu.ro\/index.php\/wp-json\/wp\/v2\/comments?post=9"}],"version-history":[{"count":6,"href":"https:\/\/spu.ro\/index.php\/wp-json\/wp\/v2\/pages\/9\/revisions"}],"predecessor-version":[{"id":494,"href":"https:\/\/spu.ro\/index.php\/wp-json\/wp\/v2\/pages\/9\/revisions\/494"}],"wp:attachment":[{"href":"https:\/\/spu.ro\/index.php\/wp-json\/wp\/v2\/media?parent=9"}],"curies":[{"name":"wp","href":"https:\/\/api.w.org\/{rel}","templated":true}]}}